{"id":1679,"date":"2022-02-04T12:01:29","date_gmt":"2022-02-04T11:01:29","guid":{"rendered":"https:\/\/kings-kite.com\/rechtliches\/"},"modified":"2022-10-18T11:01:08","modified_gmt":"2022-10-18T10:01:08","slug":"rechtliches","status":"publish","type":"page","link":"https:\/\/kings-kite.com\/de\/rechtliches\/","title":{"rendered":"Rechtliches"},"content":{"rendered":"\t\t<div data-elementor-type=\"wp-page\" data-elementor-id=\"1679\" class=\"elementor elementor-1679\" data-elementor-post-type=\"page\">\n\t\t\t\t\t\t<section class=\"elementor-section elementor-top-section elementor-element elementor-element-6e160b3a elementor-section-full_width elementor-section-height-default elementor-section-height-default\" data-id=\"6e160b3a\" data-element_type=\"section\" data-e-type=\"section\">\n\t\t\t\t\t\t<div class=\"elementor-container elementor-column-gap-default\">\n\t\t\t\t\t<div class=\"elementor-column elementor-col-100 elementor-top-column elementor-element elementor-element-50389bd7\" data-id=\"50389bd7\" data-element_type=\"column\" data-e-type=\"column\" data-settings=\"{&quot;background_background&quot;:&quot;classic&quot;,&quot;background_motion_fx_motion_fx_scrolling&quot;:&quot;yes&quot;,&quot;background_motion_fx_translateY_effect&quot;:&quot;yes&quot;,&quot;background_motion_fx_translateY_speed&quot;:{&quot;unit&quot;:&quot;px&quot;,&quot;size&quot;:1.8,&quot;sizes&quot;:[]},&quot;background_motion_fx_translateY_affectedRange&quot;:{&quot;unit&quot;:&quot;%&quot;,&quot;size&quot;:&quot;&quot;,&quot;sizes&quot;:{&quot;start&quot;:0,&quot;end&quot;:100}},&quot;background_motion_fx_devices&quot;:[&quot;desktop&quot;,&quot;tablet&quot;,&quot;mobile&quot;]}\">\n\t\t\t<div class=\"elementor-widget-wrap elementor-element-populated\">\n\t\t\t\t\t\t<div class=\"elementor-element elementor-element-309d4d75 elementor-widget elementor-widget-heading\" data-id=\"309d4d75\" data-element_type=\"widget\" data-e-type=\"widget\" data-widget_type=\"heading.default\">\n\t\t\t\t<div class=\"elementor-widget-container\">\n\t\t\t\t\t<h1 class=\"elementor-heading-title elementor-size-xxl\">Nutzungsbedingungen<\/h1>\t\t\t\t<\/div>\n\t\t\t\t<\/div>\n\t\t\t\t\t<\/div>\n\t\t<\/div>\n\t\t\t\t\t<\/div>\n\t\t<\/section>\n\t\t\t\t<section class=\"elementor-section elementor-top-section elementor-element elementor-element-ec98bf4 elementor-section-boxed elementor-section-height-default elementor-section-height-default\" data-id=\"ec98bf4\" data-element_type=\"section\" data-e-type=\"section\">\n\t\t\t\t\t\t<div class=\"elementor-container elementor-column-gap-default\">\n\t\t\t\t\t<div class=\"elementor-column elementor-col-50 elementor-top-column elementor-element elementor-element-dd287bf\" data-id=\"dd287bf\" data-element_type=\"column\" data-e-type=\"column\">\n\t\t\t<div class=\"elementor-widget-wrap elementor-element-populated\">\n\t\t\t\t\t\t<div class=\"elementor-element elementor-element-964bbdc elementor-widget elementor-widget-text-editor\" data-id=\"964bbdc\" data-element_type=\"widget\" data-e-type=\"widget\" data-widget_type=\"text-editor.default\">\n\t\t\t\t<div class=\"elementor-widget-container\">\n\t\t\t\t\t\t\t\t\t<h6><strong><span style=\"font-size: 15px;\">Zuletzt aktualisiert am 4. Februar 2022<\/span><\/strong><\/h6>\n<h1>Allgemeine Gesch\u00e4ftsbedingungen<\/h1>\n<h2>Verantwortlicher<\/h2>\n<p>Jacob Keilhauer<br \/>Regener Stra\u00dfe 4<br \/>94227 Zwiesel<br \/>Deutschland<\/p>\n<h4>Kontakt<\/h4>\n<p>hello@kings-kite.com<\/p>\n<p>info@keilhauer.design<\/p>\n<h2>Bedingungen<\/h2>\n<p>Im folgenden Text, wenn von &#8222;Kings Kite&#8220; oder &#8222;kings-kite.com&#8220; die Rede ist, sind immer auch deren Vertreter angesprochen. Durch den Zugriff auf diese Website, die \u00fcber <span class=\"highlight preview_website_url\">kings-kite.com<\/span> zug\u00e4nglich ist, stimmen Sie zu, an die Website-Nutzungsbedingungen gebunden zu sein, und stimmen zu, dass Sie f\u00fcr die Vereinbarung mit allen anwendbaren lokalen Gesetzen verantwortlich sind. Wenn Sie mit einer dieser Bedingungen nicht einverstanden sind, ist Ihnen der Zugriff auf diese Website untersagt. Die auf dieser Website enthaltenen Materialien sind urheber- und markenrechtlich gesch\u00fctzt.<\/p>\n<h2>Haftungsausschluss<\/h2>\n<p>Alle Materialien auf der Website von <span class=\"highlight preview_company_name\">Kings Kite<\/span> werden \u201ewie besehen\u201c bereitgestellt. <span class=\"highlight preview_company_name\">Kings Kite<\/span> gibt keine ausdr\u00fccklichen oder stillschweigenden Garantien ab und schlie\u00dft daher alle anderen Garantien aus. Dar\u00fcber hinaus macht <span class=\"highlight preview_company_name\">Kings Kite<\/span> keine Zusicherungen bez\u00fcglich der Genauigkeit oder Zuverl\u00e4ssigkeit der Nutzung der Materialien auf seiner Website oder anderweitig in Bezug auf solche Materialien oder Websites, die mit dieser Website verlinkt sind.<\/p>\n<h2>Einschr\u00e4nkungen<\/h2>\n<p><span class=\"highlight preview_company_name\">Kings Kite<\/span> oder Angebote Dritter auf dieser Website haften nicht f\u00fcr Sch\u00e4den, die durch die Verwendung oder Unm\u00f6glichkeit der Verwendung der Materialien auf der <span class=\"highlight preview_company_name\">Kings Kite<\/span>&#8217;s Website entstehen, auch wenn <span class=\"highlight preview_company_name\">Kings Kite<\/span> oder ein bevollm\u00e4chtigter Vertreter dieser Website wurde m\u00fcndlich oder schriftlich \u00fcber die M\u00f6glichkeit eines solchen Schadens informiert. Einige Gerichtsbarkeiten erlauben keine Beschr\u00e4nkungen stillschweigender Garantien oder Haftungsbeschr\u00e4nkungen f\u00fcr zuf\u00e4llige Sch\u00e4den, diese Beschr\u00e4nkungen gelten m\u00f6glicherweise nicht f\u00fcr Sie.<\/p>\n<h2>Revisionen und Errata<\/h2>\n<p>Die Materialien, die auf der Website von <span class=\"highlight preview_company_name\">Kings Kite<\/span> erscheinen k\u00f6nnen technische, typografische oder fotografische Fehler enthalten. <span class=\"highlight preview_company_name\">Kings Kite<\/span> garantiert nicht, dass die Materialien auf dieser Website korrekt, vollst\u00e4ndig oder aktuell sind. <span class=\"highlight preview_company_name\">Kings Kite<\/span> kann die auf seiner Website enthaltenen Materialien jederzeit ohne Vorank\u00fcndigung \u00e4ndern. <span class=\"highlight preview_company_name\">Kings Kite<\/span> verpflichtet sich nicht, die Materialien zu aktualisieren.<\/p>\n<h2>Verkn\u00fcpfungen und Links<\/h2>\n<p><span class=\"highlight preview_company_name\">Kings Kite<\/span> hat nicht alle mit seiner Website verlinkten Seiten \u00fcberpr\u00fcft und ist nicht verantwortlich f\u00fcr den Inhalt solcher verlinkten Seiten. Das Vorhandensein eines Links bedeutet nicht, dass <span class=\"highlight preview_company_name\">Kings Kite<\/span> die Website billigt. Die Nutzung einer verlinkten Website erfolgt auf eigene Gefahr des Nutzers.<\/p>\n<h2>\u00c4nderungen der Nutzungsbedingungen der Website<\/h2>\n<p><span class=\"highlight preview_company_name\">Kings Kite<\/span> kann diese Nutzungsbedingungen f\u00fcr seine Website jederzeit ohne vorherige Ank\u00fcndigung \u00e4ndern. Durch die Nutzung dieser Website stimmen Sie zu, an die aktuelle Version dieser Nutzungsbedingungen gebunden zu sein.<\/p>\n<h2>Geltendes Recht<\/h2>\n<p>Alle Anspr\u00fcche im Zusammenhang mit der Website von <span class=\"highlight preview_company_name\">Kings Kite<\/span> unterliegen den Gesetzen des <span class=\"highlight preview_country\">Landes<\/span>, ohne R\u00fccksicht auf die Kollisionsnormen.<\/p>\n\t\t\t\t\t\t\t\t<\/div>\n\t\t\t\t<\/div>\n\t\t\t\t\t<\/div>\n\t\t<\/div>\n\t\t\t\t<div class=\"elementor-column elementor-col-50 elementor-top-column elementor-element elementor-element-4eb0358\" data-id=\"4eb0358\" data-element_type=\"column\" data-e-type=\"column\">\n\t\t\t<div class=\"elementor-widget-wrap elementor-element-populated\">\n\t\t\t\t\t\t<aside class=\"elementor-section elementor-inner-section elementor-element elementor-element-21f8ba5 elementor-section-full_width elementor-section-height-default elementor-section-height-default\" data-id=\"21f8ba5\" data-element_type=\"section\" data-e-type=\"section\" data-settings=\"{&quot;sticky_offset&quot;:139,&quot;sticky&quot;:&quot;top&quot;,&quot;sticky_on&quot;:[&quot;desktop&quot;],&quot;sticky_effects_offset&quot;:800,&quot;sticky_anchor_link_offset&quot;:0}\">\n\t\t\t\t\t\t<div class=\"elementor-container elementor-column-gap-default\">\n\t\t\t\t\t<div class=\"elementor-column elementor-col-100 elementor-inner-column elementor-element elementor-element-ba66236\" data-id=\"ba66236\" data-element_type=\"column\" data-e-type=\"column\">\n\t\t\t<div class=\"elementor-widget-wrap elementor-element-populated\">\n\t\t\t\t\t\t<div class=\"elementor-element elementor-element-24b59b7 elementor-widget elementor-widget-progress-tracker\" data-id=\"24b59b7\" data-element_type=\"widget\" data-e-type=\"widget\" data-settings=\"{&quot;direction&quot;:&quot;ltr&quot;,&quot;type&quot;:&quot;horizontal&quot;,&quot;relative_to&quot;:&quot;entire_page&quot;}\" data-widget_type=\"progress-tracker.default\">\n\t\t\t\t<div class=\"elementor-widget-container\">\n\t\t\t\t\t\n\t\t<div class=\"elementor-scrolling-tracker elementor-scrolling-tracker-horizontal elementor-scrolling-tracker-alignment-\">\n\t\t\t\t\t\t<div class=\"current-progress\">\n\t\t\t\t\t<div class=\"current-progress-percentage\"><\/div>\n\t\t\t\t<\/div>\n\t\t\t\t<\/div>\n\t\t\t\t\t\t<\/div>\n\t\t\t\t<\/div>\n\t\t\t\t<div class=\"elementor-element elementor-element-937a361 elementor-widget elementor-widget-table-of-contents\" data-id=\"937a361\" data-element_type=\"widget\" data-e-type=\"widget\" data-settings=\"{&quot;headings_by_tags&quot;:[&quot;h2&quot;],&quot;exclude_headings_by_selector&quot;:[],&quot;marker_view&quot;:&quot;bullets&quot;,&quot;icon&quot;:{&quot;value&quot;:&quot;&quot;,&quot;library&quot;:&quot;&quot;},&quot;no_headings_message&quot;:&quot;Es wurden keine \\u00dcberschriften auf dieser Seite gefunden.&quot;,&quot;hierarchical_view&quot;:&quot;yes&quot;,&quot;min_height&quot;:{&quot;unit&quot;:&quot;px&quot;,&quot;size&quot;:&quot;&quot;,&quot;sizes&quot;:[]},&quot;min_height_tablet&quot;:{&quot;unit&quot;:&quot;px&quot;,&quot;size&quot;:&quot;&quot;,&quot;sizes&quot;:[]},&quot;min_height_mobile&quot;:{&quot;unit&quot;:&quot;px&quot;,&quot;size&quot;:&quot;&quot;,&quot;sizes&quot;:[]}}\" data-widget_type=\"table-of-contents.default\">\n\t\t\t\t<div class=\"elementor-widget-container\">\n\t\t\t\t\t\t\t\t\t<div class=\"elementor-toc__header\">\n\t\t\t\t\t\t<h2 class=\"elementor-toc__header-title\">\n\t\t\t\tAUF DIESER SEITE\t\t\t<\/h2>\n\t\t\t\t\t\t\t\t<\/div>\n\t\t\t\t<div id=\"elementor-toc__937a361\" class=\"elementor-toc__body\">\n\t\t\t<div class=\"elementor-toc__spinner-container\">\n\t\t\t\t<i class=\"elementor-toc__spinner eicon-animation-spin eicon-loading\" aria-hidden=\"true\"><\/i>\t\t\t<\/div>\n\t\t<\/div>\n\t\t\t\t\t\t<\/div>\n\t\t\t\t<\/div>\n\t\t\t\t\t<\/div>\n\t\t<\/div>\n\t\t\t\t\t<\/div>\n\t\t<\/aside>\n\t\t\t\t\t<\/div>\n\t\t<\/div>\n\t\t\t\t\t<\/div>\n\t\t<\/section>\n\t\t\t\t<\/div>\n\t\t","protected":false},"excerpt":{"rendered":"<p>Nutzungsbedingungen Zuletzt aktualisiert am 4. Februar 2022 Allgemeine Gesch\u00e4ftsbedingungen Verantwortlicher Jacob KeilhauerRegener Stra\u00dfe 494227 ZwieselDeutschland Kontakt hello@kings-kite.com info@keilhauer.design Bedingungen Im folgenden Text, wenn von &#8222;Kings Kite&#8220; oder &#8222;kings-kite.com&#8220; die Rede ist, sind immer auch deren Vertreter angesprochen. Durch den Zugriff auf diese Website, die \u00fcber kings-kite.com zug\u00e4nglich ist, stimmen Sie zu, an die Website-Nutzungsbedingungen gebunden [&hellip;]<\/p>\n","protected":false},"author":1,"featured_media":0,"parent":0,"menu_order":99,"comment_status":"closed","ping_status":"closed","template":"","meta":{"footnotes":""},"class_list":["post-1679","page","type-page","status-publish","hentry"],"_links":{"self":[{"href":"https:\/\/kings-kite.com\/de\/wp-json\/wp\/v2\/pages\/1679","targetHints":{"allow":["GET"]}}],"collection":[{"href":"https:\/\/kings-kite.com\/de\/wp-json\/wp\/v2\/pages"}],"about":[{"href":"https:\/\/kings-kite.com\/de\/wp-json\/wp\/v2\/types\/page"}],"author":[{"embeddable":true,"href":"https:\/\/kings-kite.com\/de\/wp-json\/wp\/v2\/users\/1"}],"replies":[{"embeddable":true,"href":"https:\/\/kings-kite.com\/de\/wp-json\/wp\/v2\/comments?post=1679"}],"version-history":[{"count":4,"href":"https:\/\/kings-kite.com\/de\/wp-json\/wp\/v2\/pages\/1679\/revisions"}],"predecessor-version":[{"id":2590,"href":"https:\/\/kings-kite.com\/de\/wp-json\/wp\/v2\/pages\/1679\/revisions\/2590"}],"wp:attachment":[{"href":"https:\/\/kings-kite.com\/de\/wp-json\/wp\/v2\/media?parent=1679"}],"curies":[{"name":"wp","href":"https:\/\/api.w.org\/{rel}","templated":true}]}}